{"id":28,"date":"2026-01-11T07:53:13","date_gmt":"2026-01-11T07:53:13","guid":{"rendered":"https:\/\/kim88com.com\/?page_id=28"},"modified":"2026-01-12T02:53:32","modified_gmt":"2026-01-12T02:53:32","slug":"trang-chu","status":"publish","type":"page","link":"https:\/\/kim88com.com\/","title":{"rendered":"Trang ch\u1ee7"},"content":{"rendered":"<div class=\"row row-collapse row-full-width\"  id=\"row-1987920774\">\n\n\t<div id=\"col-1774263671\" class=\"col medium-4 large-4\"  >\n\t\t\t\t<div class=\"col-inner\"  >\n\t\t\t\n\t\t\t\n\t<div class=\"img has-hover x md-x lg-x y md-y lg-y\" id=\"image_734502864\">\n\t\t<a class=\"\" href=\"https:\/\/kim88com.com\/qc\/1\" target=\"_blank\" rel=\"noopener\" >\t\t\t\t\t\t<div class=\"img-inner dark\" >\n\t\t\t<img loading=\"lazy\" decoding=\"async\" width=\"710\" height=\"320\" src=\"https:\/\/kim88com.com\/wp-content\/uploads\/2026\/01\/kim88-gt.avif\" class=\"attachment-original size-original\" alt=\"kim88\" srcset=\"https:\/\/kim88com.com\/wp-content\/uploads\/2026\/01\/kim88-gt.avif 710w, https:\/\/kim88com.com\/wp-content\/uploads\/2026\/01\/kim88-gt-300x135.avif 300w\" sizes=\"auto, (max-width: 710px) 100vw, 710px\" \/>\t\t\t\t\t\t\n\t\t\t\t\t<\/div>\n\t\t\t\t\t\t<\/a>\t\t\n<style>\n#image_734502864 {\n  width: 100%;\n}\n<\/style>\n\t<\/div>\n\t\n\t\t<\/div>\n\t\t\t\t\t<\/div>\n\n\t\n\n\t<div id=\"col-808472122\" class=\"col medium-4 large-4\"  >\n\t\t\t\t<div class=\"col-inner\"  >\n\t\t\t\n\t\t\t\n\t<div class=\"img has-hover x md-x lg-x y md-y lg-y\" id=\"image_1629628052\">\n\t\t<a class=\"\" href=\"https:\/\/kim88com.com\/qc\/1\" target=\"_blank\" rel=\"noopener\" >\t\t\t\t\t\t<div class=\"img-inner dark\" >\n\t\t\t<img loading=\"lazy\" decoding=\"async\" width=\"710\" height=\"320\" src=\"https:\/\/kim88com.com\/wp-content\/uploads\/2026\/01\/kim88-hvm.avif\" class=\"attachment-original size-original\" alt=\"kim88\" srcset=\"https:\/\/kim88com.com\/wp-content\/uploads\/2026\/01\/kim88-hvm.avif 710w, https:\/\/kim88com.com\/wp-content\/uploads\/2026\/01\/kim88-hvm-300x135.avif 300w\" sizes=\"auto, (max-width: 710px) 100vw, 710px\" \/>\t\t\t\t\t\t\n\t\t\t\t\t<\/div>\n\t\t\t\t\t\t<\/a>\t\t\n<style>\n#image_1629628052 {\n  width: 100%;\n}\n<\/style>\n\t<\/div>\n\t\n\t\t<\/div>\n\t\t\t\t\t<\/div>\n\n\t\n\n\t<div id=\"col-1902700922\" class=\"col medium-4 large-4\"  >\n\t\t\t\t<div class=\"col-inner\"  >\n\t\t\t\n\t\t\t\n\t<div class=\"img has-hover x md-x lg-x y md-y lg-y\" id=\"image_177238553\">\n\t\t<a class=\"\" href=\"https:\/\/kim88com.com\/qc\/1\" target=\"_blank\" rel=\"noopener\" >\t\t\t\t\t\t<div class=\"img-inner dark\" >\n\t\t\t<img loading=\"lazy\" decoding=\"async\" width=\"710\" height=\"320\" src=\"https:\/\/kim88com.com\/wp-content\/uploads\/2026\/01\/kim88-vip.avif\" class=\"attachment-original size-original\" alt=\"kim88\" srcset=\"https:\/\/kim88com.com\/wp-content\/uploads\/2026\/01\/kim88-vip.avif 710w, https:\/\/kim88com.com\/wp-content\/uploads\/2026\/01\/kim88-vip-300x135.avif 300w\" sizes=\"auto, (max-width: 710px) 100vw, 710px\" \/>\t\t\t\t\t\t\n\t\t\t\t\t<\/div>\n\t\t\t\t\t\t<\/a>\t\t\n<style>\n#image_177238553 {\n  width: 100%;\n}\n<\/style>\n\t<\/div>\n\t\n\t\t<\/div>\n\t\t\t\t\t<\/div>\n\n\t\n<\/div>\n<div class=\"row\"  id=\"row-467683151\">\n\n\t<div id=\"col-642753313\" class=\"col small-12 large-12\"  >\n\t\t\t\t<div class=\"col-inner\"  >\n\t\t\t\n\t\t\t\n\t<div id=\"text-2697872510\" class=\"text\">\n\t\t\n<h1 style=\"text-align: center;\"><span style=\"font-family: verdana, geneva, sans-serif; color: #ff9900;\"><a style=\"color: #ff9900;\" href=\"https:\/\/www.kim8818.vip\/\" target=\"_blank\" rel=\"noopener\">KIM88<\/a> &#8211; C\u1ed5ng game ch\u00ednh th\u1ee9c kim88.com &#8211; Nh\u1eadn 58k cho h\u1ed9i vi\u00ean m\u1edbi<\/span><\/h1>\n<section id=\"section_1349669165\">\n<div>\n<div id=\"row-1178716075\">\n<div id=\"col-1392309493\">\n<div>\n<div id=\"text-3471146426\"><span style=\"font-family: verdana, geneva, sans-serif;\"><span style=\"color: #ff9900;\"><a style=\"color: #ff9900;\" href=\"https:\/\/kim88com.com\/\"><strong>KIM88<\/strong> <\/a><\/span>l\u00e0 n\u1ec1n t\u1ea3ng gi\u1ea3i tr\u00ed v\u00e0 c\u00e1 c\u01b0\u1ee3c tr\u1ef1c tuy\u1ebfn h\u00e0ng \u0111\u1ea7u, mang \u0111\u1ebfn h\u00e0ng tr\u0103m tr\u00f2 ch\u01a1i \u0111\u1ed9c \u0111\u00e1o, t\u1eeb casino, th\u1ec3 thao, b\u1eafn c\u00e1, n\u1ed5 h\u0169 \u0111\u1ebfn mini game v\u00e0 t\u00e0i x\u1ec9u. Kh\u00f4ng ch\u1ec9 l\u00e0 nh\u00e0 c\u00e1i online, Trang ch\u1ee7 KIM8 l\u00e0 th\u1ebf gi\u1edbi d\u00e0nh cho nh\u1eefng ng\u01b0\u1eddi th\u00edch \u201c<strong>ch\u01a1i l\u1edbn \u2013 th\u1eafng \u0111\u1eadm<\/strong>\u201d, n\u01a1i m\u1ecdi tr\u1ea3i nghi\u1ec7m \u0111\u01b0\u1ee3c n\u00e2ng t\u1ea7m chuy\u00ean nghi\u1ec7p v\u00e0 chu\u1ea9n qu\u1ed1c t\u1ebf.<\/span><\/div>\n<\/div>\n<\/div>\n<\/div>\n<\/div>\n<\/section>\n<section id=\"section_1420743310\">\n<h2><span style=\"font-family: verdana, geneva, sans-serif; color: #ff9900;\">Tr\u1ea3i Nghi\u1ec7m Ng\u01b0\u1eddi D\u00f9ng &amp; \u01afu \u0110\u00e3i H\u1ea5p D\u1eabn T\u1ea1i\u00a0<span class=\"brand-highlight\">KIM88<\/span><\/span><\/h2>\n<p><span style=\"font-family: verdana, geneva, sans-serif;\">Nh\u00e0 c\u00e1i n\u00e0y kh\u00f4ng ng\u1eebng n\u00e2ng cao tr\u1ea3i nghi\u1ec7m v\u00e0 quy\u1ec1n l\u1ee3i cho ng\u01b0\u1eddi ch\u01a1i. T\u1eeb giao di\u1ec7n, d\u1ecbch v\u1ee5 \u0111\u1ebfn c\u00e1c khuy\u1ebfn m\u00e3i, m\u1ecdi y\u1ebfu t\u1ed1 \u0111\u1ec1u \u0111\u01b0\u1ee3c \u0111\u1ea7u t\u01b0 ch\u1ec9n chu. Kh\u00e1m ph\u00e1 nh\u1eefng \u01b0u \u0111i\u1ec3m v\u01b0\u1ee3t tr\u1ed9i khi tham gia n\u1ec1n t\u1ea3ng n\u00e0y.<\/span><\/p>\n<h3><span style=\"font-family: verdana, geneva, sans-serif; color: #ff9900; font-size: 100%;\">Tr\u1ea3i Nghi\u1ec7m Ng\u01b0\u1eddi D\u00f9ng Th\u1ef1c T\u1ebf<\/span><\/h3>\n<ul class=\"h3-bulletlist\">\n<li><span class=\"bullet-text\" style=\"font-family: verdana, geneva, sans-serif;\">Giao di\u1ec7n hi\u1ec7n \u0111\u1ea1i, thao t\u00e1c m\u01b0\u1ee3t m\u00e0 tr\u00ean KIM88.<\/span><\/li>\n<li><span class=\"bullet-text\" style=\"font-family: verdana, geneva, sans-serif;\">N\u1ea1p r\u00fat ti\u1ec1n nhanh ch\u00f3ng, minh b\u1ea1ch v\u00e0 h\u1ed7 tr\u1ee3 nhi\u1ec1u ph\u01b0\u01a1ng th\u1ee9c.<\/span><\/li>\n<li><span class=\"bullet-text\" style=\"font-family: verdana, geneva, sans-serif;\">S\u1ef1 ki\u1ec7n \u0111\u1ed9c quy\u1ec1n d\u00e0nh ri\u00eang cho th\u00e0nh vi\u00ean th\u01b0\u1eddng xuy\u00ean.<\/span><\/li>\n<li><span class=\"bullet-text\" style=\"font-family: verdana, geneva, sans-serif;\">T\u1ed1c \u0111\u1ed9 x\u1eed l\u00fd giao d\u1ecbch c\u1ef1c nhanh, kh\u00f4ng lo gi\u00e1n \u0111o\u1ea1n qu\u00e1 tr\u00ecnh ch\u01a1i.<\/span><\/li>\n<li><span class=\"bullet-text\" style=\"font-family: verdana, geneva, sans-serif;\">Ch\u00ednh s\u00e1ch ho\u00e0n tr\u1ea3 h\u1ea5p d\u1eabn cho t\u1eebng lo\u1ea1i c\u01b0\u1ee3c.<\/span><\/li>\n<\/ul>\n<h3><span style=\"font-family: verdana, geneva, sans-serif; color: #ff9900; font-size: 100%;\">C\u00e1c t\u1ef1a game si\u00eau hot t\u1ea1i kim88<\/span><\/h3>\n<\/section>\n\t\t\n<style>\n#text-2697872510 {\n  color: rgb(0,0,0);\n}\n#text-2697872510 > * {\n  color: rgb(0,0,0);\n}\n<\/style>\n\t<\/div>\n\t\n<div class=\"row\"  id=\"row-1919371229\">\n\n\t<div id=\"col-283812379\" class=\"col medium-4 small-12 large-4\"  >\n\t\t\t\t<div class=\"col-inner text-center\"  >\n\t\t\t\n\t\t\t\n\t<div class=\"img has-hover x md-x lg-x y md-y lg-y\" id=\"image_1813024310\">\n\t\t<a class=\"\" href=\"https:\/\/kim88com.com\/qc\/2\" target=\"_blank\" rel=\"noopener\">\t\t\t\t\t\t<div class=\"img-inner dark\" >\n\t\t\t<img loading=\"lazy\" decoding=\"async\" width=\"235\" height=\"300\" src=\"https:\/\/kim88com.com\/wp-content\/uploads\/2026\/01\/imgi_6_ban-ca-rr99.webp\" class=\"attachment-original size-original\" alt=\"kim88\" \/>\t\t\t\t\t\t\n\t\t\t\t\t<\/div>\n\t\t\t\t\t\t<\/a>\t\t\n<style>\n#image_1813024310 {\n  width: 65%;\n}\n<\/style>\n\t<\/div>\n\t\n\t\t<\/div>\n\t\t\t\t\t<\/div>\n\n\t\n\n\t<div id=\"col-1761693046\" class=\"col medium-4 small-12 large-4\"  >\n\t\t\t\t<div class=\"col-inner text-center\"  >\n\t\t\t\n\t\t\t\n\t<div class=\"img has-hover x md-x lg-x y md-y lg-y\" id=\"image_475543804\">\n\t\t<a class=\"\" href=\"https:\/\/kim88com.com\/qc\/2\" target=\"_blank\" rel=\"noopener\">\t\t\t\t\t\t<div class=\"img-inner dark\" >\n\t\t\t<img loading=\"lazy\" decoding=\"async\" width=\"235\" height=\"300\" src=\"https:\/\/kim88com.com\/wp-content\/uploads\/2026\/01\/imgi_7_no-hu-rr99.webp\" class=\"attachment-original size-original\" alt=\"kim88\" \/>\t\t\t\t\t\t\n\t\t\t\t\t<\/div>\n\t\t\t\t\t\t<\/a>\t\t\n<style>\n#image_475543804 {\n  width: 65%;\n}\n<\/style>\n\t<\/div>\n\t\n\t\t<\/div>\n\t\t\t\t\t<\/div>\n\n\t\n\n\t<div id=\"col-830875853\" class=\"col medium-4 small-12 large-4\"  >\n\t\t\t\t<div class=\"col-inner text-center\"  >\n\t\t\t\n\t\t\t\n\t<div class=\"img has-hover x md-x lg-x y md-y lg-y\" id=\"image_1550409082\">\n\t\t<a class=\"\" href=\"https:\/\/kim88com.com\/qc\/2\" target=\"_blank\" rel=\"noopener\">\t\t\t\t\t\t<div class=\"img-inner dark\" >\n\t\t\t<img loading=\"lazy\" decoding=\"async\" width=\"235\" height=\"300\" src=\"https:\/\/kim88com.com\/wp-content\/uploads\/2026\/01\/imgi_5_casino-rr99.webp\" class=\"attachment-original size-original\" alt=\"\" \/>\t\t\t\t\t\t\n\t\t\t\t\t<\/div>\n\t\t\t\t\t\t<\/a>\t\t\n<style>\n#image_1550409082 {\n  width: 65%;\n}\n<\/style>\n\t<\/div>\n\t\n\t\t<\/div>\n\t\t\t\t\t<\/div>\n\n\t\n<\/div>\n<div class=\"row\"  id=\"row-840366887\">\n\n\t<div id=\"col-251820749\" class=\"col small-12 large-12\"  >\n\t\t\t\t<div class=\"col-inner\"  >\n\t\t\t\n\t\t\t\n<div class=\"row\"  id=\"row-1325962577\">\n\n\t<div id=\"col-2021952143\" class=\"col medium-4 small-12 large-4\"  >\n\t\t\t\t<div class=\"col-inner text-center\"  >\n\t\t\t\n\t\t\t\n\t<div class=\"img has-hover x md-x lg-x y md-y lg-y\" id=\"image_1721558648\">\n\t\t<a class=\"\" href=\"https:\/\/kim88com.com\/qc\/2\" target=\"_blank\" rel=\"noopener\">\t\t\t\t\t\t<div class=\"img-inner dark\" >\n\t\t\t<img loading=\"lazy\" decoding=\"async\" width=\"235\" height=\"300\" src=\"https:\/\/kim88com.com\/wp-content\/uploads\/2026\/01\/imgi_8_the-thao-rr99.webp\" class=\"attachment-original size-original\" alt=\"\" \/>\t\t\t\t\t\t\n\t\t\t\t\t<\/div>\n\t\t\t\t\t\t<\/a>\t\t\n<style>\n#image_1721558648 {\n  width: 65%;\n}\n<\/style>\n\t<\/div>\n\t\n\t\t<\/div>\n\t\t\t\t\t<\/div>\n\n\t\n\n\t<div id=\"col-571665423\" class=\"col medium-4 small-12 large-4\"  >\n\t\t\t\t<div class=\"col-inner text-center\"  >\n\t\t\t\n\t\t\t\n\t<div class=\"img has-hover x md-x lg-x y md-y lg-y\" id=\"image_1761966118\">\n\t\t<a class=\"\" href=\"https:\/\/kim88com.com\/qc\/2\" target=\"_blank\" rel=\"noopener\">\t\t\t\t\t\t<div class=\"img-inner dark\" >\n\t\t\t<img loading=\"lazy\" decoding=\"async\" width=\"235\" height=\"300\" src=\"https:\/\/kim88com.com\/wp-content\/uploads\/2026\/01\/imgi_9_xo-so-rr99.webp\" class=\"attachment-original size-original\" alt=\"\" \/>\t\t\t\t\t\t\n\t\t\t\t\t<\/div>\n\t\t\t\t\t\t<\/a>\t\t\n<style>\n#image_1761966118 {\n  width: 65%;\n}\n<\/style>\n\t<\/div>\n\t\n\t\t<\/div>\n\t\t\t\t\t<\/div>\n\n\t\n\n\t<div id=\"col-721341817\" class=\"col medium-4 small-12 large-4\"  >\n\t\t\t\t<div class=\"col-inner text-center\"  >\n\t\t\t\n\t\t\t\n\t<div class=\"img has-hover x md-x lg-x y md-y lg-y\" id=\"image_1155954813\">\n\t\t<a class=\"\" href=\"https:\/\/kim88com.com\/qc\/2\" target=\"_blank\" rel=\"noopener\">\t\t\t\t\t\t<div class=\"img-inner dark\" >\n\t\t\t<img loading=\"lazy\" decoding=\"async\" width=\"235\" height=\"300\" src=\"https:\/\/kim88com.com\/wp-content\/uploads\/2026\/01\/imgi_10_khuyen-mai-rr99.webp\" class=\"attachment-original size-original\" alt=\"\" \/>\t\t\t\t\t\t\n\t\t\t\t\t<\/div>\n\t\t\t\t\t\t<\/a>\t\t\n<style>\n#image_1155954813 {\n  width: 65%;\n}\n<\/style>\n\t<\/div>\n\t\n\t\t<\/div>\n\t\t\t\t\t<\/div>\n\n\t\n<\/div>\n\t<div id=\"text-1089159024\" class=\"text\">\n\t\t\n<section id=\"section_1420743310\">\n<div id=\"row-631847835\">\n<div id=\"col-247904847\">\n<h3><span style=\"font-family: verdana, geneva, sans-serif; font-size: 100%; color: #ff9900;\">\u01afu \u0111\u00e3i ti\u1ec1n th\u01b0\u1edfng s\u00f2ng b\u1ea1c<\/span><\/h3>\n<\/div>\n<\/div>\n<\/section>\n<section id=\"section_2032160234\">\n<div id=\"row-69074193\">\n<div id=\"col-1680316660\">\n<div id=\"text-1842444072\">\n<div><span style=\"font-family: verdana, geneva, sans-serif;\">Kim88 r\u1ea5t coi tr\u1ecdng ti\u1ec1n th\u01b0\u1edfng v\u00e0 ch\u01b0\u01a1ng tr\u00ecnh khuy\u1ebfn m\u00e3i. Do \u0111\u00f3, trang web c\u1ee7a h\u1ecd cung c\u1ea5p l\u1ecbch th\u01b0\u1edfng h\u00e0ng th\u00e1ng. Nhi\u1ec1u ph\u1ea7n th\u01b0\u1edfng thay \u0111\u1ed5i theo th\u1eddi gian, nh\u01b0ng m\u1ed9t s\u1ed1 ph\u1ea7n th\u01b0\u1edfng th\u00ec lu\u00f4n c\u00f3 s\u1eb5n. Nh\u1eefng ph\u1ea7n th\u01b0\u1edfng n\u00e0y bao g\u1ed3m:<\/span><\/div>\n<div>\n<ul data-start=\"349\" data-end=\"647\">\n<li data-start=\"349\" data-end=\"422\">\n<p data-start=\"351\" data-end=\"422\"><span style=\"font-family: verdana, geneva, sans-serif;\"><strong data-start=\"354\" data-end=\"382\">T\u1eb7ng 58.000 VN\u0110 mi\u1ec5n ph\u00ed<\/strong>\u00a0khi \u0111\u0103ng k\u00fd t\u00e0i kho\u1ea3n m\u1edbi th\u00e0nh c\u00f4ng.<\/span><\/p>\n<\/li>\n<li data-start=\"423\" data-end=\"494\">\n<p data-start=\"425\" data-end=\"494\"><span style=\"font-family: verdana, geneva, sans-serif;\"><strong data-start=\"428\" data-end=\"451\">Th\u01b0\u1edfng 100% n\u1ea1p \u0111\u1ea7u<\/strong>, n\u1ea1p c\u00e0ng cao \u2013 gi\u00e1 tr\u1ecb th\u01b0\u1edfng c\u00e0ng l\u1edbn.<\/span><\/p>\n<\/li>\n<li data-start=\"495\" data-end=\"569\">\n<p data-start=\"497\" data-end=\"569\"><span style=\"font-family: verdana, geneva, sans-serif;\"><strong data-start=\"500\" data-end=\"536\">Ho\u00e0n tr\u1ea3 m\u1ed7i ng\u00e0y kh\u00f4ng gi\u1edbi h\u1ea1n<\/strong>, \u00e1p d\u1ee5ng cho to\u00e0n b\u1ed9 s\u1ea3n ph\u1ea9m.<\/span><\/p>\n<\/li>\n<li data-start=\"570\" data-end=\"647\">\n<p data-start=\"572\" data-end=\"647\"><span style=\"font-family: verdana, geneva, sans-serif;\">\u0110i\u1ec1u ki\u1ec7n r\u00f5 r\u00e0ng, kh\u00f4ng r\u00e0ng bu\u1ed9c ph\u1ee9c t\u1ea1p, t\u1ed1i \u01b0u quy\u1ec1n l\u1ee3i ng\u01b0\u1eddi ch\u01a1i.<\/span><\/p>\n<\/li>\n<\/ul>\n<p data-start=\"649\" data-end=\"747\"><span style=\"font-family: verdana, geneva, sans-serif;\"><strong>KIM88com<\/strong> cam k\u1ebft mang \u0111\u1ebfn tr\u1ea3i nghi\u1ec7m kh\u1edfi \u0111\u1ea7u thu\u1eadn l\u1ee3i, an to\u00e0n v\u00e0 c\u00f4ng b\u1eb1ng cho m\u1ecdi th\u00e0nh vi\u00ean m\u1edbi.<\/span><\/p>\n<\/div>\n<div>\n<h3><span style=\"font-family: verdana, geneva, sans-serif; font-size: 100%; color: #ff9900;\">Ph\u01b0\u01a1ng th\u1ee9c g\u1eedi v\u00e0 r\u00fat ti\u1ec1n<\/span><\/h3>\n<div>\n<div><span style=\"font-family: verdana, geneva, sans-serif;\">M\u1ed9t trong nh\u1eefng \u0111i\u1ec3m n\u1ed5i b\u1eadt c\u1ee7a\u00a0Kim88 Com\u00a0l\u00e0 cung c\u1ea5p nhi\u1ec1u c\u00e1ch \u0111\u1ec3 n\u1ea1p v\u00e0 r\u00fat ti\u1ec1n th\u01b0\u1edfng. Ch\u00fang t\u00f4i cung c\u1ea5p h\u01a1n 50 t\u00f9y ch\u1ecdn bao g\u1ed3m v\u00ed \u1ea3o, th\u1ebb t\u00edn d\u1ee5ng, n\u1ea1p ti\u1ec1n m\u1eb7t v\u00e0 ti\u1ec1n \u0111i\u1ec7n t\u1eed, s\u1ed1 ti\u1ec1n t\u00f9y thu\u1ed9c v\u00e0o ph\u01b0\u01a1ng th\u1ee9c b\u1ea1n ch\u1ecdn. B\u1ea1n c\u00f3 th\u1ec3 tham kh\u1ea3o th\u00f4ng tin n\u00e0y khi giao d\u1ecbch.<\/span><\/div>\n<h3><span style=\"font-family: verdana, geneva, sans-serif; color: #ff9900; font-size: 100%;\">\u0110\u1ed9i ng\u0169 ch\u0103m s\u00f3c kh\u00e1ch h\u00e0ng h\u1ed7 tr\u1ee3 24\/7<\/span><\/h3>\n<p><span style=\"font-family: verdana, geneva, sans-serif;\">V\u1edbi \u0111\u1ed9i ng\u0169 ch\u0103m s\u00f3c kh\u00e1ch h\u00e0ng ph\u1ee5c v\u1ee5 chu \u0111\u00e1o v\u00e0 tr\u1ef1c tuy\u1ebfn 24\/7. Lu\u00f4n \u0111\u1ea3m b\u1ea3o r\u1eb1ng, t\u1ea5t c\u1ea3 c\u00e1c y\u00eau c\u1ea7u c\u1ee7a kh\u00e1ch h\u00e0ng s\u1ebd lu\u00f4n \u0111\u01b0\u1ee3c h\u1ed7 tr\u1ee3 gi\u1ea3i \u0111\u00e1p k\u1ecbp th\u1eddi, t\u1eadn t\u00e2m, nhanh ch\u00f3ng v\u00e0 ch\u1ea5t l\u01b0\u1ee3ng nh\u1ea5t<\/span><\/p>\n<h2><span style=\"color: #ff9900;\"><strong><span style=\"font-family: verdana, geneva, sans-serif;\">K\u1ebft Lu\u1eadn<\/span><\/strong><\/span><\/h2>\n<p><span style=\"font-family: verdana, geneva, sans-serif;\"><strong>T\u1ea1i KIM88 Com<\/strong>, b\u1ea1n c\u00f3 th\u1ec3 ki\u1ebfm l\u1ee3i nhu\u1eadn b\u1eb1ng k\u1ef9 n\u0103ng ch\u01a1i game c\u1ee7a m\u00ecnh. N\u1ec1n t\u1ea3ng n\u00e0y c\u00f3 uy t\u00edn cao tr\u00ean th\u1ecb tr\u01b0\u1eddng Vi\u1ec7t Nam v\u1edbi c\u00e1c l\u1ef1a ch\u1ecdn c\u00e1 c\u01b0\u1ee3c s\u00e1ng t\u1ea1o v\u00e0 ph\u01b0\u01a1ng th\u1ee9c thanh to\u00e1n \u0111a d\u1ea1ng. \u0110\u00e2y l\u00e0 m\u1ed9t l\u1ef1a ch\u1ecdn \u0111\u00e1ng ch\u00fa \u00fd.<\/span><\/p>\n<\/div>\n<\/div>\n<\/div>\n<\/div>\n<\/div>\n<\/section>\n\t\t\n<style>\n#text-1089159024 {\n  color: rgb(0,0,0);\n}\n#text-1089159024 > * {\n  color: rgb(0,0,0);\n}\n<\/style>\n\t<\/div>\n\t\n<div class=\"row\"  id=\"row-1825097307\">\n\n\t<div id=\"col-1132320648\" class=\"col medium-6 small-12 large-6\"  >\n\t\t\t\t<div class=\"col-inner\"  >\n\t\t\t\n\t\t\t\n<div class=\"container section-title-container\" ><h2 class=\"section-title section-title-normal\"><b><\/b><span class=\"section-title-main\" style=\"color:#ff9900;\">T\u1ea3i app Kim88<\/span><b><\/b><\/h2><\/div>\n\t<div id=\"text-2596574842\" class=\"text\">\n\t\t\n<p><span style=\"font-family: verdana, geneva, sans-serif;\">T\u1ea3i ngay\u00a0<strong data-start=\"9\" data-end=\"28\">App KIM88<\/strong>\u00a0\u0111\u1ec3 tr\u1ea3i nghi\u1ec7m c\u00e1 c\u01b0\u1ee3c \u0111\u1ec9nh cao m\u1ecdi l\u00fac, m\u1ecdi n\u01a1i! \u1ee8ng d\u1ee5ng h\u1ed7 tr\u1ee3\u00a0<strong data-start=\"95\" data-end=\"113\">Android v\u00e0 iOS<\/strong>, c\u00e0i \u0111\u1eb7t d\u1ec5 d\u00e0ng, t\u1ed1c \u0111\u1ed9 m\u01b0\u1ee3t, b\u1ea3o m\u1eadt tuy\u1ec7t \u0111\u1ed1i. Ng\u01b0\u1eddi ch\u01a1i c\u00f3 th\u1ec3\u00a0<strong data-start=\"182\" data-end=\"252\">\u0111\u0103ng nh\u1eadp, n\u1ea1p \u2013 r\u00fat ti\u1ec1n, c\u00e1 c\u01b0\u1ee3c th\u1ec3 thao, casino, b\u1eafn c\u00e1, n\u1ed5 h\u0169<\/strong>\u00a0ch\u1ec9 trong v\u00e0i gi\u00e2y. \u0110\u1eb7c bi\u1ec7t,\u00a0<strong data-start=\"283\" data-end=\"310\">t\u00e2n th\u1ee7 nh\u1eadn ngay +58K<\/strong> khi t\u1ea3i v\u00e0 \u0111\u0103ng k\u00fd tr\u00ean \u1ee9ng d\u1ee5ng KIM88 ch\u00ednh th\u1ee9c h\u00f4m nay!<\/span><\/p>\n\t\t\n<style>\n#text-2596574842 {\n  color: rgb(0,0,0);\n}\n#text-2596574842 > * {\n  color: rgb(0,0,0);\n}\n<\/style>\n\t<\/div>\n\t\n<div class=\"row\"  id=\"row-1615559830\">\n\n\t<div id=\"col-983795958\" class=\"col medium-6 small-12 large-6\"  >\n\t\t\t\t<div class=\"col-inner\"  >\n\t\t\t\n\t\t\t\n\t<div class=\"img has-hover x md-x lg-x y md-y lg-y\" id=\"image_326393598\">\n\t\t<a class=\"\" href=\"https:\/\/kim88com.com\/qc\/2\" target=\"_blank\" rel=\"noopener\">\t\t\t\t\t\t<div class=\"img-inner dark\" >\n\t\t\t<img loading=\"lazy\" decoding=\"async\" width=\"290\" height=\"286\" src=\"https:\/\/kim88com.com\/wp-content\/uploads\/2026\/01\/tai-app-ios.gif\" class=\"attachment-original size-original\" alt=\"\" \/>\t\t\t\t\t\t\n\t\t\t\t\t<\/div>\n\t\t\t\t\t\t<\/a>\t\t\n<style>\n#image_326393598 {\n  width: 100%;\n}\n<\/style>\n\t<\/div>\n\t\n\t\t<\/div>\n\t\t\t\t\t<\/div>\n\n\t\n\n\t<div id=\"col-1248168849\" class=\"col medium-6 small-12 large-6\"  >\n\t\t\t\t<div class=\"col-inner\"  >\n\t\t\t\n\t\t\t\n\t<div class=\"img has-hover x md-x lg-x y md-y lg-y\" id=\"image_1966075599\">\n\t\t<a class=\"\" href=\"https:\/\/kim88com.com\/qc\/2\" target=\"_blank\" rel=\"noopener\">\t\t\t\t\t\t<div class=\"img-inner dark\" >\n\t\t\t<img loading=\"lazy\" decoding=\"async\" width=\"290\" height=\"286\" src=\"https:\/\/kim88com.com\/wp-content\/uploads\/2026\/01\/tai-app-android.gif\" class=\"attachment-original size-original\" alt=\"\" \/>\t\t\t\t\t\t\n\t\t\t\t\t<\/div>\n\t\t\t\t\t\t<\/a>\t\t\n<style>\n#image_1966075599 {\n  width: 100%;\n}\n<\/style>\n\t<\/div>\n\t\n\t\t<\/div>\n\t\t\t\t\t<\/div>\n\n\t\n<\/div>\n\t\t<\/div>\n\t\t\t\t\t<\/div>\n\n\t\n\n\t<div id=\"col-2002416126\" class=\"col medium-6 small-12 large-6\"  >\n\t\t\t\t<div class=\"col-inner\"  >\n\t\t\t\n\t\t\t\n\t<div class=\"img has-hover x md-x lg-x y md-y lg-y\" id=\"image_1623606078\">\n\t\t<a class=\"\" href=\"https:\/\/kim88com.com\/qc\/2\" target=\"_blank\" rel=\"noopener\">\t\t\t\t\t\t<div class=\"img-inner dark\" >\n\t\t\t<img loading=\"lazy\" decoding=\"async\" width=\"1693\" height=\"1721\" src=\"https:\/\/kim88com.com\/wp-content\/uploads\/2026\/01\/kim88.png\" class=\"attachment-original size-original\" alt=\"kim88\" srcset=\"https:\/\/kim88com.com\/wp-content\/uploads\/2026\/01\/kim88.png 1693w, https:\/\/kim88com.com\/wp-content\/uploads\/2026\/01\/kim88-295x300.png 295w, https:\/\/kim88com.com\/wp-content\/uploads\/2026\/01\/kim88-1007x1024.png 1007w, https:\/\/kim88com.com\/wp-content\/uploads\/2026\/01\/kim88-768x781.png 768w, https:\/\/kim88com.com\/wp-content\/uploads\/2026\/01\/kim88-1511x1536.png 1511w\" sizes=\"auto, (max-width: 1693px) 100vw, 1693px\" \/>\t\t\t\t\t\t\n\t\t\t\t\t<\/div>\n\t\t\t\t\t\t<\/a>\t\t\n<style>\n#image_1623606078 {\n  width: 100%;\n}\n<\/style>\n\t<\/div>\n\t\n\t\t<\/div>\n\t\t\t\t\t<\/div>\n\n\t\n<\/div>\n\t\t<\/div>\n\t\t\t\t\t<\/div>\n\n\t\n<\/div>\n\t\t<\/div>\n\t\t\t\t\t<\/div>\n\n\t\n<\/div>\n","protected":false},"excerpt":{"rendered":"","protected":false},"author":1,"featured_media":6,"parent":0,"menu_order":0,"comment_status":"closed","ping_status":"closed","template":"","meta":{"footnotes":""},"class_list":["post-28","page","type-page","status-publish","has-post-thumbnail","hentry"],"_links":{"self":[{"href":"https:\/\/kim88com.com\/index.php?rest_route=\/wp\/v2\/pages\/28","targetHints":{"allow":["GET"]}}],"collection":[{"href":"https:\/\/kim88com.com\/index.php?rest_route=\/wp\/v2\/pages"}],"about":[{"href":"https:\/\/kim88com.com\/index.php?rest_route=\/wp\/v2\/types\/page"}],"author":[{"embeddable":true,"href":"https:\/\/kim88com.com\/index.php?rest_route=\/wp\/v2\/users\/1"}],"replies":[{"embeddable":true,"href":"https:\/\/kim88com.com\/index.php?rest_route=%2Fwp%2Fv2%2Fcomments&post=28"}],"version-history":[{"count":22,"href":"https:\/\/kim88com.com\/index.php?rest_route=\/wp\/v2\/pages\/28\/revisions"}],"predecessor-version":[{"id":76,"href":"https:\/\/kim88com.com\/index.php?rest_route=\/wp\/v2\/pages\/28\/revisions\/76"}],"wp:featuredmedia":[{"embeddable":true,"href":"https:\/\/kim88com.com\/index.php?rest_route=\/wp\/v2\/media\/6"}],"wp:attachment":[{"href":"https:\/\/kim88com.com\/index.php?rest_route=%2Fwp%2Fv2%2Fmedia&parent=28"}],"curies":[{"name":"wp","href":"https:\/\/api.w.org\/{rel}","templated":true}]}}